{"id":8279,"date":"2025-09-09T15:47:06","date_gmt":"2025-09-09T13:47:06","guid":{"rendered":"https:\/\/clemencedevienne.com\/index.php\/memoire19-copy\/"},"modified":"2025-09-09T17:29:23","modified_gmt":"2025-09-09T15:29:23","slug":"lafolie","status":"publish","type":"page","link":"https:\/\/clemencedevienne.com\/index.php\/fr\/lafolie\/","title":{"rendered":"La folie"},"content":{"rendered":"<p>[vc_row content_text_aligment=\u00a0\u00bb\u00a0\u00bb use_row_as_full_screen_section=\u00a0\u00bbno\u00a0\u00bb][vc_column width=\u00a0\u00bb1\/2&Prime;][vc_column_text css=\u00a0\u00bb.vc_custom_1757431759394{padding-left: 30px !important;}\u00a0\u00bb]La peinture de Cl\u00e9mence Devienne est hant\u00e9e par le th\u00e8me de la folie et sa repr\u00e9sentation. Sur ces toiles son geste artistique : vif, impulsif, vibrant, le trait y est souvent brut.\u00a0Elle a un rapport direct \u00e0 la mati\u00e8re. Sans dessin pr\u00e9paratoire, le trait est retravaill\u00e9 directement dans la couleur.\u00a0Les visages qu\u2019elle peint portent en eux cette tension entre force et fragilit\u00e9, entre coh\u00e9rence apparente et f\u00ealures int\u00e9rieures.[\/vc_column_text][\/vc_column][vc_column width=\u00a0\u00bb1\/2&Prime;][vc_column_text]Sa peinture oscille ainsi entre figuration et expressionnisme, cherchant moins \u00e0 repr\u00e9senter fid\u00e8lement qu\u2019\u00e0 transmettre l\u2019instabilit\u00e9 \u00e9motionnelle qui nous traverse. Couleurs satur\u00e9es, aplats violents, regards intenses : tout dans sa composition \u00e9voque une sensibilit\u00e9 en exc\u00e8s.[\/vc_column_text][\/vc_column][\/vc_row][vc_row content_text_aligment=\u00a0\u00bb\u00a0\u00bb use_row_as_full_screen_section=\u00a0\u00bbno\u00a0\u00bb css=\u00a0\u00bb.vc_custom_1510250040590{padding-top: 67px !important;}\u00a0\u00bb][vc_column width=\u00a0\u00bb1\/3&Prime;][vc_single_image image=\u00a0\u00bb8283&Prime; img_size=\u00a0\u00bbfull\u00a0\u00bb][vc_column_text]<\/p>\n<p style=\"text-align: center;\">Sans titre<\/p>\n<p>[\/vc_column_text][\/vc_column][vc_column width=\u00a0\u00bb1\/3&Prime;][vc_single_image image=\u00a0\u00bb8285&Prime; img_size=\u00a0\u00bbfull\u00a0\u00bb][vc_column_text]<\/p>\n<p style=\"text-align: center;\">Sans titre<\/p>\n<p>[\/vc_column_text][\/vc_column][vc_column width=\u00a0\u00bb1\/3&Prime;][vc_single_image image=\u00a0\u00bb8286&Prime; img_size=\u00a0\u00bbfull\u00a0\u00bb][vc_column_text]<\/p>\n<p style=\"text-align: center;\">Sans titre<\/p>\n<p>[\/vc_column_text][\/vc_column][\/vc_row][vc_row content_text_aligment=\u00a0\u00bb\u00a0\u00bb use_row_as_full_screen_section=\u00a0\u00bbno\u00a0\u00bb css=\u00a0\u00bb.vc_custom_1510250040590{padding-top: 67px !important;}\u00a0\u00bb][vc_column width=\u00a0\u00bb1\/3&Prime;][vc_single_image image=\u00a0\u00bb8284&Prime; img_size=\u00a0\u00bbfull\u00a0\u00bb][vc_column_text]<\/p>\n<p style=\"text-align: center;\">Sans titre<\/p>\n<p>[\/vc_column_text][\/vc_column][vc_column width=\u00a0\u00bb1\/3&Prime;][vc_single_image image=\u00a0\u00bb8287&Prime; img_size=\u00a0\u00bbfull\u00a0\u00bb][vc_column_text]<\/p>\n<p style=\"text-align: center;\">Sans titre<\/p>\n<p>[\/vc_column_text][\/vc_column][vc_column width=\u00a0\u00bb1\/3&Prime;][vc_single_image image=\u00a0\u00bb8288&Prime; img_size=\u00a0\u00bbfull\u00a0\u00bb][vc_column_text]<\/p>\n<p style=\"text-align: center;\">Sans titre<\/p>\n<p>[\/vc_column_text][\/vc_column][\/vc_row][vc_row content_text_aligment=\u00a0\u00bb\u00a0\u00bb use_row_as_full_screen_section=\u00a0\u00bbno\u00a0\u00bb][vc_column][vc_empty_space height=\u00a0\u00bb62px\u00a0\u00bb][\/vc_column][\/vc_row]<\/p>\n","protected":false},"excerpt":{"rendered":"<p>[vc_row content_text_aligment=\u00a0\u00bb\u00a0\u00bb use_row_as_full_screen_section=\u00a0\u00bbno\u00a0\u00bb][vc_column width=\u00a0\u00bb1\/2&Prime;][vc_column_text css=\u00a0\u00bb.vc_custom_1757431759394{padding-left: 30px !important;}\u00a0\u00bb]La peinture de Cl\u00e9mence Devienne est hant\u00e9e par le th\u00e8me de la folie et sa repr\u00e9sentation. Sur ces toiles son geste artistique : vif, impulsif, vibrant, le trait y est souvent brut.\u00a0Elle a un rapport direct \u00e0 la mati\u00e8re. [&hellip;]<\/p>\n","protected":false},"author":1,"featured_media":0,"parent":0,"menu_order":0,"comment_status":"closed","ping_status":"closed","template":"","meta":{"footnotes":""},"class_list":["post-8279","page","type-page","status-publish","hentry"],"_links":{"self":[{"href":"https:\/\/clemencedevienne.com\/index.php\/wp-json\/wp\/v2\/pages\/8279","targetHints":{"allow":["GET"]}}],"collection":[{"href":"https:\/\/clemencedevienne.com\/index.php\/wp-json\/wp\/v2\/pages"}],"about":[{"href":"https:\/\/clemencedevienne.com\/index.php\/wp-json\/wp\/v2\/types\/page"}],"author":[{"embeddable":true,"href":"https:\/\/clemencedevienne.com\/index.php\/wp-json\/wp\/v2\/users\/1"}],"replies":[{"embeddable":true,"href":"https:\/\/clemencedevienne.com\/index.php\/wp-json\/wp\/v2\/comments?post=8279"}],"version-history":[{"count":6,"href":"https:\/\/clemencedevienne.com\/index.php\/wp-json\/wp\/v2\/pages\/8279\/revisions"}],"predecessor-version":[{"id":8315,"href":"https:\/\/clemencedevienne.com\/index.php\/wp-json\/wp\/v2\/pages\/8279\/revisions\/8315"}],"wp:attachment":[{"href":"https:\/\/clemencedevienne.com\/index.php\/wp-json\/wp\/v2\/media?parent=8279"}],"curies":[{"name":"wp","href":"https:\/\/api.w.org\/{rel}","templated":true}]}}