{"id":7910,"date":"2023-07-24T10:55:58","date_gmt":"2023-07-24T08:55:58","guid":{"rendered":"https:\/\/clemencedevienne.com\/index.php\/faces-of-nola-2-copy\/"},"modified":"2025-02-07T18:42:43","modified_gmt":"2025-02-07T17:42:43","slug":"memoire19","status":"publish","type":"page","link":"https:\/\/clemencedevienne.com\/index.php\/en\/memoire19\/","title":{"rendered":"M\u00e9moire 19"},"content":{"rendered":"<p>[vc_row content_text_aligment=\u00a0\u00bb\u00a0\u00bb use_row_as_full_screen_section=\u00a0\u00bbno\u00a0\u00bb][vc_column width=\u00a0\u00bb1\/2&Prime;][vc_column_text css=\u00a0\u00bb.vc_custom_1738950146881{padding-left: 30px !important;}\u00a0\u00bb]Men\u00e9 en partenariat avec la maison des associations du 19\u00e8me arrondissement et la F\u00e9d\u00e9ration nationale des anciens combattants, ce projet a pour ambition d\u2019honorer ceux qui font vivre la m\u00e9moire du 19\u00e8me arrondissement. Anciens combattants de la Seconde Guerre mondiale, de la guerre d\u2019Indochine, de la guerre d\u2019Alg\u00e9rie ; femmes d\u2019anciens combattants ; personnes, telles que Joyce Malai, engag\u00e9es pour la m\u00e9moire des victimes de la Shoah : ce sont autant de visages, de personnalit\u00e9s et de parcours diff\u00e9rents qui ont tous en commun de porter en eux une tranche de l\u2019histoire nationale et de la partager \u00e0 l\u2019\u00e9chelle locale.[\/vc_column_text][\/vc_column][vc_column width=\u00a0\u00bb1\/2&Prime;][vc_column_text]Lors de nos rencontres \u2013 dans la salle des mariages de la mairie du 19eme ou dans l\u2019intimit\u00e9 de leur appartement \u2013 se tisse un dialogue entre g\u00e9n\u00e9rations que je cherche \u00e0 retranscrire sur la toile ou dans l\u2019argile. Leurs souvenirs, leurs photographes, leurs m\u00e9dailles et distinctions viennent nourrir le processus artistique. A l\u2019heure o\u00f9 la g\u00e9n\u00e9ration des v\u00e9t\u00e9rans de la Seconde guerre mondiale et de la guerre d\u2019Indochine est en train de dispara\u00eetre, donner vie \u00e0 ces visages sous des formats multiples (peinture, sculpture, vid\u00e9o, c\u00e9ramique) est plus important que jamais important.[\/vc_column_text][\/vc_column][\/vc_row][vc_row content_text_aligment=\u00a0\u00bb\u00a0\u00bb use_row_as_full_screen_section=\u00a0\u00bbno\u00a0\u00bb css=\u00a0\u00bb.vc_custom_1510250040590{padding-top: 67px !important;}\u00a0\u00bb][vc_column width=\u00a0\u00bb1\/3&Prime;][vc_single_image image=\u00a0\u00bb7923&Prime; img_size=\u00a0\u00bbfull\u00a0\u00bb][vc_column_text]<\/p>\n<p style=\"text-align: center;\">Joyce Malai<\/p>\n<p>[\/vc_column_text][\/vc_column][vc_column width=\u00a0\u00bb1\/3&Prime;][vc_single_image image=\u00a0\u00bb7925&Prime; img_size=\u00a0\u00bbfull\u00a0\u00bb][vc_column_text]<\/p>\n<p style=\"text-align: center;\">Josette Le Pr\u00e9vost<\/p>\n<p>[\/vc_column_text][\/vc_column][vc_column width=\u00a0\u00bb1\/3&Prime;][vc_single_image image=\u00a0\u00bb7922&Prime; img_size=\u00a0\u00bbfull\u00a0\u00bb][vc_column_text]<\/p>\n<p style=\"text-align: center;\">M.Sancey<\/p>\n<p>[\/vc_column_text][\/vc_column][\/vc_row][vc_row content_text_aligment=\u00a0\u00bb\u00a0\u00bb use_row_as_full_screen_section=\u00a0\u00bbno\u00a0\u00bb css=\u00a0\u00bb.vc_custom_1510250040590{padding-top: 67px !important;}\u00a0\u00bb][vc_column width=\u00a0\u00bb1\/3&Prime;][vc_single_image image=\u00a0\u00bb8144&Prime; img_size=\u00a0\u00bbfull\u00a0\u00bb][vc_column_text]<\/p>\n<p style=\"text-align: center;\">M.Rabier<\/p>\n<p>[\/vc_column_text][\/vc_column][vc_column width=\u00a0\u00bb1\/3&Prime;][vc_single_image image=\u00a0\u00bb8145&Prime; img_size=\u00a0\u00bbfull\u00a0\u00bb][vc_column_text]<\/p>\n<p style=\"text-align: center;\">M.Porte<\/p>\n<p>[\/vc_column_text][\/vc_column][vc_column width=\u00a0\u00bb1\/3&Prime;][vc_single_image image=\u00a0\u00bb8146&Prime; img_size=\u00a0\u00bbfull\u00a0\u00bb][vc_column_text]<\/p>\n<p style=\"text-align: center;\">M.Allary<\/p>\n<p>[\/vc_column_text][\/vc_column][\/vc_row][vc_row content_text_aligment=\u00a0\u00bb\u00a0\u00bb use_row_as_full_screen_section=\u00a0\u00bbno\u00a0\u00bb][vc_column][vc_empty_space height=\u00a0\u00bb62px\u00a0\u00bb][\/vc_column][\/vc_row]<\/p>\n","protected":false},"excerpt":{"rendered":"<p>[vc_row content_text_aligment=\u00a0\u00bb\u00a0\u00bb use_row_as_full_screen_section=\u00a0\u00bbno\u00a0\u00bb][vc_column width=\u00a0\u00bb1\/2&Prime;][vc_column_text css=\u00a0\u00bb.vc_custom_1738950146881{padding-left: 30px !important;}\u00a0\u00bb]Men\u00e9 en partenariat avec la maison des associations du 19\u00e8me arrondissement et la F\u00e9d\u00e9ration nationale des anciens combattants, ce projet a pour ambition d\u2019honorer ceux qui font vivre la m\u00e9moire du 19\u00e8me arrondissement. Anciens combattants de la Seconde Guerre [&hellip;]<\/p>\n","protected":false},"author":1,"featured_media":0,"parent":0,"menu_order":0,"comment_status":"closed","ping_status":"closed","template":"","meta":{"footnotes":""},"class_list":["post-7910","page","type-page","status-publish","hentry"],"_links":{"self":[{"href":"https:\/\/clemencedevienne.com\/index.php\/wp-json\/wp\/v2\/pages\/7910","targetHints":{"allow":["GET"]}}],"collection":[{"href":"https:\/\/clemencedevienne.com\/index.php\/wp-json\/wp\/v2\/pages"}],"about":[{"href":"https:\/\/clemencedevienne.com\/index.php\/wp-json\/wp\/v2\/types\/page"}],"author":[{"embeddable":true,"href":"https:\/\/clemencedevienne.com\/index.php\/wp-json\/wp\/v2\/users\/1"}],"replies":[{"embeddable":true,"href":"https:\/\/clemencedevienne.com\/index.php\/wp-json\/wp\/v2\/comments?post=7910"}],"version-history":[{"count":9,"href":"https:\/\/clemencedevienne.com\/index.php\/wp-json\/wp\/v2\/pages\/7910\/revisions"}],"predecessor-version":[{"id":8148,"href":"https:\/\/clemencedevienne.com\/index.php\/wp-json\/wp\/v2\/pages\/7910\/revisions\/8148"}],"wp:attachment":[{"href":"https:\/\/clemencedevienne.com\/index.php\/wp-json\/wp\/v2\/media?parent=7910"}],"curies":[{"name":"wp","href":"https:\/\/api.w.org\/{rel}","templated":true}]}}