{"id":7733,"date":"2022-06-01T08:15:53","date_gmt":"2022-06-01T06:15:53","guid":{"rendered":"https:\/\/clemencedevienne.com\/?page_id=7733"},"modified":"2025-09-09T11:45:15","modified_gmt":"2025-09-09T09:45:15","slug":"cv","status":"publish","type":"page","link":"https:\/\/clemencedevienne.com\/index.php\/fr\/cv\/","title":{"rendered":"C.V."},"content":{"rendered":"<p>[vc_row content_text_aligment=\u00a0\u00bb\u00a0\u00bb use_row_as_full_screen_section=\u00a0\u00bbno\u00a0\u00bb][vc_column][\/vc_column][\/vc_row][vc_row content_text_aligment=\u00a0\u00bb\u00a0\u00bb use_row_as_full_screen_section=\u00a0\u00bbno\u00a0\u00bb][vc_column width=\u00a0\u00bb1\/2&Prime;][vc_column_text]<\/p>\n<div class=\"page\" title=\"Page 1\">\n<div class=\"layoutArea\">\n<div class=\"column\"><\/div>\n<div class=\"column\">\n<p><strong>R\u00e9sidence________________________________________________________________________________<br \/>\n<\/strong><br \/>\n<strong>\u00c9t\u00e9 2025\u00a0<\/strong>4 semaines de r\u00e9sidence artistique sur le th\u00e8me de la folie \u00e0 Openbach, centre d&rsquo;Art \u00e0 Vincennes<\/p>\n<p><strong>Exposition solo________________________________________________________________________<\/strong><\/p>\n<p><strong>Septembre 2025<br \/>\n<\/strong>Exposition de portraits d&rsquo;anciens combattants d&rsquo;Alg\u00e9rie et des personnes qui font vivre la m\u00e9moire du 19e arrondissement \u00e0 la Mac Vac.<\/p>\n<p><strong>14 octobre 2024<br \/>\n<\/strong>Exposition de 14 portraits aux Laboratoires d&rsquo;Aubervilliers avec la Maison des Langues.<\/p>\n<p><strong>23 mars-21 avril 2022<\/strong> Lors du festival de l\u2019outre-mer de Savigny exposition de 24 \u0153uvres du projet entre \u00ab Visages de la Nouvelle-Orle\u0301ans \u00bb au mille\u0301naire a\u0300 Savigny-le-temple avec l\u2019UOMS<\/p>\n<p><strong>Expositions collectives__________________________________________________________________<\/strong><\/p>\n<p><strong>Septembre 2025<br \/>\n<\/strong>Exposition d&rsquo;une oeuvre sur la folie \u00e0 Openbach, centre d&rsquo;Art et de r\u00e9sidence \u00e0 Vincennes<\/p>\n<p><strong>Octobre 2017<\/strong> A\u0300 l\u2019occasion du tricentenaire de la de la Louisiane, exposition de quatre \u0153uvres du projet \u00abVisages de la Nouvelle-Orle\u0301ans\u00bb a\u0300 l\u2019ho\u0302tel Talleyrand avec l\u2019Ambassade Ame\u0301ricaine<\/p>\n<p><strong>Septembre 2017<\/strong><br \/>\nExposition de 23 portraits de \u00ab Visages de tournoi de football \u00bb a\u0300 l\u2019Embarcade\u0300re, Aubervilliers<\/p>\n<p><strong>27 Mai 2017<\/strong><br \/>\nExposition du projet \u00ab Visages de la Nouvelle-Orle\u0301ans \u00bb a\u0300 l\u2019Embarcade\u0300re, Aubervilliers dans le cadre d\u2019une journe\u0301e spe\u0301ciale sur l\u2019abolition de l\u2019esclavage<\/p>\n<\/div>\n<\/div>\n<div class=\"layoutArea\">\n<div class=\"column\">\n<p>&nbsp;<\/p>\n<\/div>\n<\/div>\n<\/div>\n<p>[\/vc_column_text][\/vc_column][vc_column width=\u00a0\u00bb1\/2&Prime;][vc_column_text]<\/p>\n<div class=\"page\" title=\"Page 1\">\n<div class=\"layoutArea\">\n<div class=\"column\"><strong>Publications_____________________________________________________________________________<\/strong><\/div>\n<div class=\"column\">\n<p><strong>Mai 2022<br \/>\n<\/strong>Couverture et 6 pages inte\u0301rieures de portraits photographiques de diffe\u0301rents projets du moment publie\u0301s dans <strong>Artells magazine<\/strong> de May 2022 version papier et digital<\/p>\n<p><strong>Avril 2017<\/strong><br \/>\nArticles \u00ab Voyage jusqu\u2019a\u0300 la Nouvelle-Orle\u0301ans \u00bb dans le magazine Auber mensuel rubrique culture a\u0300 l\u2019occasion du vernissage de l\u2019exposition<\/p>\n<p><strong>Mars 2017<\/strong><br \/>\nArticle sur le site de l\u2019association \u00ab France Louisiane \u00bb concernant les \u0153uvres re\u0301alise\u0301es a\u0300 la Nouvelle-Orle\u0301ans quelques semaines avant l\u2019exposition<\/p>\n<p><strong>Cours, ateliers, workshops______________________________________________________<\/strong><\/p>\n<p><strong><br \/>\n<\/strong>Animation de 2 ateliers portraits avec des enfants, adolescents et adultes lors de l\u2019exposition \u00ab Visages de la Nouvelle-Orle\u0301ans \u00bb a\u0300 Savigny-le-temple et le forum de l\u2019outre-mer<\/p>\n<p><strong>Mars a\u0300 Juin 2016<\/strong><br \/>\nAvec l\u2019association \u00ab Les Grandes Personnes \u00bb : De\u0301cor, modelage, sculpture avec des personnes dans le centre social afin qu\u2019il re\u0301alise leurs ance\u0302tres en sculpture\/marionnettes pour un spectacle en juin 2016 dans le cadre du festival \u00abParade\u00bb a\u0300 Nanterre<\/p>\n<p><strong>Juin 2016<\/strong><br \/>\nAvec l\u2019association \u00ab Les Grandes Personnes \u00bb : Atelier avec des enfants et leurs parents dans le cadre de \u00ab Grands papiers \u00bb en plein air dans Paris 11e afin de re\u0301aliser de grandes fresques en papier sous la forme de collage illustrations etc.<\/p>\n<p>&nbsp;<\/p>\n<p><strong>Dipl\u00f4mes et formations__________________________________________________<\/strong><\/p>\n<p><strong><br \/>\n2015-2019 puis 2022<\/strong><br \/>\nCours de peinture, sculpture et ce\u0301ramique avec Terre et Feu, Paris<br \/>\n2005 Diplo\u0302me en design graphique des Arts de\u0301coratifs de Paris (ENSAD), Paris 5e Option se\u0301rigraphie et documentaire vide\u0301o<br \/>\n2003 BTS communication visuelle &#8211; Lyce\u0301e de Se\u0300vres, 92<br \/>\n2001 Certificat de graphiste la CCIP &#8211; E\u0301cole des Gobelins, Paris 13e<br \/>\n1999- 2000 Mise a\u0300 niveau Arts applique\u0301s &#8211; Lyce\u0301e Sainte-Genevie\u0300ve, Paris 6e<\/p>\n<\/div>\n<\/div>\n<div class=\"layoutArea\">\n<div class=\"column\">\n<p>&nbsp;<\/p>\n<\/div>\n<\/div>\n<div class=\"layoutArea\">\n<div class=\"column\"><\/div>\n<\/div>\n<div class=\"layoutArea\">\n<div class=\"column\">\n<p>&nbsp;<\/p>\n<\/div>\n<\/div>\n<\/div>\n<p>[\/vc_column_text][\/vc_column][\/vc_row]<\/p>\n","protected":false},"excerpt":{"rendered":"<p>[vc_row content_text_aligment=\u00a0\u00bb\u00a0\u00bb use_row_as_full_screen_section=\u00a0\u00bbno\u00a0\u00bb][vc_column][\/vc_column][\/vc_row][vc_row content_text_aligment=\u00a0\u00bb\u00a0\u00bb use_row_as_full_screen_section=\u00a0\u00bbno\u00a0\u00bb][vc_column width=\u00a0\u00bb1\/2&Prime;][vc_column_text] R\u00e9sidence________________________________________________________________________________ \u00c9t\u00e9 2025\u00a04 semaines de r\u00e9sidence artistique sur le th\u00e8me de la folie \u00e0 Openbach, centre d&rsquo;Art \u00e0 Vincennes Exposition solo________________________________________________________________________ Septembre 2025 Exposition de portraits d&rsquo;anciens combattants d&rsquo;Alg\u00e9rie et des personnes qui font vivre la m\u00e9moire du 19e [&hellip;]<\/p>\n","protected":false},"author":1,"featured_media":0,"parent":0,"menu_order":0,"comment_status":"closed","ping_status":"closed","template":"","meta":{"footnotes":""},"class_list":["post-7733","page","type-page","status-publish","hentry"],"_links":{"self":[{"href":"https:\/\/clemencedevienne.com\/index.php\/wp-json\/wp\/v2\/pages\/7733","targetHints":{"allow":["GET"]}}],"collection":[{"href":"https:\/\/clemencedevienne.com\/index.php\/wp-json\/wp\/v2\/pages"}],"about":[{"href":"https:\/\/clemencedevienne.com\/index.php\/wp-json\/wp\/v2\/types\/page"}],"author":[{"embeddable":true,"href":"https:\/\/clemencedevienne.com\/index.php\/wp-json\/wp\/v2\/users\/1"}],"replies":[{"embeddable":true,"href":"https:\/\/clemencedevienne.com\/index.php\/wp-json\/wp\/v2\/comments?post=7733"}],"version-history":[{"count":33,"href":"https:\/\/clemencedevienne.com\/index.php\/wp-json\/wp\/v2\/pages\/7733\/revisions"}],"predecessor-version":[{"id":8250,"href":"https:\/\/clemencedevienne.com\/index.php\/wp-json\/wp\/v2\/pages\/7733\/revisions\/8250"}],"wp:attachment":[{"href":"https:\/\/clemencedevienne.com\/index.php\/wp-json\/wp\/v2\/media?parent=7733"}],"curies":[{"name":"wp","href":"https:\/\/api.w.org\/{rel}","templated":true}]}}