{"id":7469,"date":"2022-03-29T11:33:37","date_gmt":"2022-03-29T09:33:37","guid":{"rendered":"https:\/\/clemencedevienne.com\/index.php\/visages-de-la-nouvelle-orleans-copy\/"},"modified":"2025-02-07T17:31:31","modified_gmt":"2025-02-07T16:31:31","slug":"autourdu104","status":"publish","type":"page","link":"https:\/\/clemencedevienne.com\/index.php\/fr\/autourdu104\/","title":{"rendered":"Autour du 104"},"content":{"rendered":"<p>[vc_row content_text_aligment=\u00a0\u00bb\u00a0\u00bb use_row_as_full_screen_section=\u00a0\u00bbno\u00a0\u00bb][vc_column width=\u00a0\u00bb1\/2&Prime; css=\u00a0\u00bb.vc_custom_1507811825990{padding-top: 23px !important;padding-right: 42px !important;padding-left: 42px !important;}\u00a0\u00bb][vc_column_text css=\u00a0\u00bb.vc_custom_1648546618520{padding-left: 30px !important;}\u00a0\u00bb]Mon projet a deux objectifs\u00a0: il s\u2019agit d\u2019abord de mettre en valeur par le portrait des personnes qui n\u2019ont pas l\u2019habitude de l\u2019\u00eatre et d\u2019imposer leur pr\u00e9sence, et leur beaut\u00e9, dans l\u2019espace du mus\u00e9e. Ensuite, je cherche \u00e0 f\u00e9d\u00e9rer autour d\u2019un projet valorisant les habitants de longue date des immeubles des rues Archereau, Mathis et Riquet, un quartier populaire en pleine gentrification. Je suis arriv\u00e9e dans le quartier en 1999, lorsque ma famille a quitt\u00e9 le 13\u00e8me arrondissement et ses loyers trop \u00e9lev\u00e9s. Bien que je sois une habitante de longue date du quartier, je fais donc moi aussi partie d\u2019une premi\u00e8re vague de \u00ab\u00a0gentrifieurs\u00a0\u00bb.\u00a0Le MK2 quai de Seine venait d\u2019ouvrir et le quartier commen\u00e7ait d\u00e9j\u00e0 un processus de transformation. Depuis les ann\u00e9es 2000, et en particulier depuis l\u2019inauguration du 104 en 2008, ces transformations se sont acc\u00e9l\u00e9r\u00e9es. Le 19\u00e8me reste l\u2019arrondissement le moins cher de Paris avec une densit\u00e9 tr\u00e8s \u00e9lev\u00e9e de logements sociaux, mais l\u2019arriv\u00e9e de supermarch\u00e9s bio et de magasins branch\u00e9s est le signe le plus flagrant de changements d\u00e9mographiques majeurs sur lesquels les habitants des logements sociaux n\u2019ont pas de prise. Bien qu\u2019ils soient pr\u00e9serv\u00e9s de l\u2019expulsion et de la mont\u00e9e des loyers, ces habitants doivent composer avec un quartier qui change, des commerces qui disparaissent, et des lieux qui leur restent \u00e9trangers.[\/vc_column_text][\/vc_column][vc_column width=\u00a0\u00bb1\/2&Prime; css=\u00a0\u00bb.vc_custom_1507811833352{padding-top: 23px !important;padding-right: 32px !important;padding-left: 32px !important;}\u00a0\u00bb][vc_column_text css=\u00a0\u00bb.vc_custom_1648546794926{padding-right: 42px !important;padding-left: 42px !important;}\u00a0\u00bb]En allant \u00e0 la rencontre d\u2019habitants de longue date des logements sociaux du quartier Riquet, je souhaite mettre en avant leurs visages et leurs ressentis face \u00e0 ces changements. Notre rencontre, et l\u2019exposition qui en d\u00e9coule, deviennent l\u2019occasion de faire dialoguer nouveaux, anciens et \u00ab\u00a0anciens-nouveaux\u00a0\u00bb habitants du quartier. En les int\u00e9grant, litt\u00e9ralement, par le biais d\u2019une exposition de portraits, je cherche ainsi \u00e0 r\u00e9concilier le 104 et son quartier.<\/p>\n<p>Ma d\u00e9marche consiste \u00e0 aller au-devant des habitants du quartier Riquet par des moyens \u00ab\u00a0traditionnels\u00a0\u00bb plut\u00f4t que par les r\u00e9seaux sociaux. Je d\u00e9pose des affiches dans les ascenseurs des immeubles, je discute du projet avec les habitants au pied de l\u2019immeuble, \u00e0 la sortie des \u00e9coles et je fais fonctionner le bouche \u00e0 oreille. En utilisant ces diff\u00e9rents moyens, je cherche \u00e0 rencontrer des gens qui ne sont pas dans le milieu des arts et qui, pour certains, sont loin d\u2019internet. Apr\u00e8s un premier contact, je propose une rencontre au 104 pour expliquer le projet et commencer les prises de vue photo.<\/p>\n<p>[\/vc_column_text][\/vc_column][\/vc_row][vc_row content_text_aligment=\u00a0\u00bb\u00a0\u00bb use_row_as_full_screen_section=\u00a0\u00bbno\u00a0\u00bb][vc_column][vc_empty_space][vc_single_image image=\u00a0\u00bb8135&Prime; img_size=\u00a0\u00bbfull\u00a0\u00bb][\/vc_column][\/vc_row][vc_row content_text_aligment=\u00a0\u00bb\u00a0\u00bb use_row_as_full_screen_section=\u00a0\u00bbno\u00a0\u00bb][vc_column width=\u00a0\u00bb1\/3&Prime;][vc_single_image image=\u00a0\u00bb7927&Prime; img_size=\u00a0\u00bbfull\u00a0\u00bb][vc_column_text]<\/p>\n<p style=\"text-align: center;\">Portrait de Yakuba &#8211; 116 par 89 Acrylique sur toile<\/p>\n<p>[\/vc_column_text][\/vc_column][vc_column width=\u00a0\u00bb1\/3&Prime;][vc_single_image image=\u00a0\u00bb7928&Prime; img_size=\u00a0\u00bbfull\u00a0\u00bb][vc_column_text]<\/p>\n<p style=\"text-align: center;\">Portrait de Bruce &#8211; 80 par 60 cm\u00a0 Acrylique sur toile<\/p>\n<p>[\/vc_column_text][\/vc_column][vc_column width=\u00a0\u00bb1\/3&Prime;][vc_single_image image=\u00a0\u00bb7929&Prime; img_size=\u00a0\u00bbfull\u00a0\u00bb][vc_column_text]<\/p>\n<p style=\"text-align: center;\">Portrait de Lassana &#8211; 50 par 65 cm\u00a0 Fusain sur papier<\/p>\n<p>[\/vc_column_text][\/vc_column][\/vc_row][vc_row content_text_aligment=\u00a0\u00bb\u00a0\u00bb use_row_as_full_screen_section=\u00a0\u00bbno\u00a0\u00bb][vc_column][vc_empty_space][\/vc_column][\/vc_row][vc_row content_text_aligment=\u00a0\u00bb\u00a0\u00bb use_row_as_full_screen_section=\u00a0\u00bbno\u00a0\u00bb][vc_column width=\u00a0\u00bb1\/3&Prime;][vc_single_image image=\u00a0\u00bb7947&Prime; img_size=\u00a0\u00bbfull\u00a0\u00bb][vc_column_text]<\/p>\n<p style=\"text-align: center;\">Portrait de Christopher &#8211; 50 x 65 cm Fusain sur papier<\/p>\n<p>[\/vc_column_text][\/vc_column][vc_column width=\u00a0\u00bb1\/3&Prime;][vc_single_image image=\u00a0\u00bb7948&Prime; img_size=\u00a0\u00bbfull\u00a0\u00bb][vc_column_text]<\/p>\n<p style=\"text-align: center;\">Portrait de Christopher &#8211; 80 par 60 cm\u00a0 Acrylique sur toile<\/p>\n<p>[\/vc_column_text][\/vc_column][vc_column width=\u00a0\u00bb1\/3&Prime;][vc_single_image image=\u00a0\u00bb7950&Prime; img_size=\u00a0\u00bbfull\u00a0\u00bb][vc_column_text]<\/p>\n<p style=\"text-align: center;\">Portrait de Bruce &#8211; 50 par 65 cm\u00a0 Fusain sur papier<\/p>\n<p>[\/vc_column_text][\/vc_column][\/vc_row][vc_row content_text_aligment=\u00a0\u00bb\u00a0\u00bb use_row_as_full_screen_section=\u00a0\u00bbno\u00a0\u00bb][vc_column width=\u00a0\u00bb1\/3&Prime;][vc_single_image image=\u00a0\u00bb8137&Prime; img_size=\u00a0\u00bbfull\u00a0\u00bb][vc_column_text]<\/p>\n<p style=\"text-align: center;\">Portrait de Lourdes &#8211; 50 x 65 cm Fusain sur papier<\/p>\n<p>[\/vc_column_text][\/vc_column][vc_column width=\u00a0\u00bb1\/3&Prime;][vc_single_image image=\u00a0\u00bb8138&Prime; img_size=\u00a0\u00bbfull\u00a0\u00bb][vc_column_text]<\/p>\n<p style=\"text-align: center;\">Portrait de Yannick &#8211; 50 par 65 cm\u00a0 Acrylique sur papier<\/p>\n<p>[\/vc_column_text][\/vc_column][vc_column width=\u00a0\u00bb1\/3&Prime;][vc_single_image image=\u00a0\u00bb8139&Prime; img_size=\u00a0\u00bbfull\u00a0\u00bb][vc_column_text]<\/p>\n<p style=\"text-align: center;\">Portrait de Chlo\u00e9 &#8211; 50 par 65 cm\u00a0 Fusain sur papier<\/p>\n<p>[\/vc_column_text][\/vc_column][\/vc_row][vc_row content_text_aligment=\u00a0\u00bb\u00a0\u00bb use_row_as_full_screen_section=\u00a0\u00bbno\u00a0\u00bb][vc_column][vc_empty_space][\/vc_column][\/vc_row]<\/p>\n","protected":false},"excerpt":{"rendered":"<p>[vc_row content_text_aligment=\u00a0\u00bb\u00a0\u00bb use_row_as_full_screen_section=\u00a0\u00bbno\u00a0\u00bb][vc_column width=\u00a0\u00bb1\/2&Prime; css=\u00a0\u00bb.vc_custom_1507811825990{padding-top: 23px !important;padding-right: 42px !important;padding-left: 42px !important;}\u00a0\u00bb][vc_column_text css=\u00a0\u00bb.vc_custom_1648546618520{padding-left: 30px !important;}\u00a0\u00bb]Mon projet a deux objectifs\u00a0: il s\u2019agit d\u2019abord de mettre en valeur par le portrait des personnes qui n\u2019ont pas l\u2019habitude de l\u2019\u00eatre et d\u2019imposer leur pr\u00e9sence, et leur beaut\u00e9, dans l\u2019espace [&hellip;]<\/p>\n","protected":false},"author":1,"featured_media":0,"parent":0,"menu_order":0,"comment_status":"closed","ping_status":"closed","template":"full-width.php","meta":{"footnotes":""},"class_list":["post-7469","page","type-page","status-publish","hentry"],"_links":{"self":[{"href":"https:\/\/clemencedevienne.com\/index.php\/wp-json\/wp\/v2\/pages\/7469","targetHints":{"allow":["GET"]}}],"collection":[{"href":"https:\/\/clemencedevienne.com\/index.php\/wp-json\/wp\/v2\/pages"}],"about":[{"href":"https:\/\/clemencedevienne.com\/index.php\/wp-json\/wp\/v2\/types\/page"}],"author":[{"embeddable":true,"href":"https:\/\/clemencedevienne.com\/index.php\/wp-json\/wp\/v2\/users\/1"}],"replies":[{"embeddable":true,"href":"https:\/\/clemencedevienne.com\/index.php\/wp-json\/wp\/v2\/comments?post=7469"}],"version-history":[{"count":15,"href":"https:\/\/clemencedevienne.com\/index.php\/wp-json\/wp\/v2\/pages\/7469\/revisions"}],"predecessor-version":[{"id":8143,"href":"https:\/\/clemencedevienne.com\/index.php\/wp-json\/wp\/v2\/pages\/7469\/revisions\/8143"}],"wp:attachment":[{"href":"https:\/\/clemencedevienne.com\/index.php\/wp-json\/wp\/v2\/media?parent=7469"}],"curies":[{"name":"wp","href":"https:\/\/api.w.org\/{rel}","templated":true}]}}