{"id":7230,"date":"2017-12-06T13:13:40","date_gmt":"2017-12-06T12:13:40","guid":{"rendered":"http:\/\/clemencedevienne.com\/index.php\/migrants-copy\/"},"modified":"2017-12-06T14:13:02","modified_gmt":"2017-12-06T13:13:02","slug":"ndalla-f","status":"publish","type":"page","link":"https:\/\/clemencedevienne.com\/index.php\/fr\/ndalla-f\/","title":{"rendered":"Ndalla Fernand"},"content":{"rendered":"<p>[vc_row content_text_aligment=\u00a0\u00bb\u00a0\u00bb use_row_as_full_screen_section=\u00a0\u00bbno\u00a0\u00bb][vc_column width=\u00a0\u00bb1\/2&Prime; css=\u00a0\u00bb.vc_custom_1506256930796{padding-right: 20px !important;padding-left: 20px !important;}\u00a0\u00bb][vc_column_text]J\u2019ai rencontr\u00e9 Ndalla Fernand dans le m\u00e9tro, il \u00e9tait habill\u00e9 tout en blanc de la t\u00eate aux pieds, cela m&rsquo;a fait tout de suite penser \u00e0 l&rsquo;esprit de la Nouvelle-Orl\u00e9ans et je lui ai demand\u00e9 si je pouvais faire son portrait. Ndalla est gardien dans un immeuble avenue de l&rsquo;Op\u00e9ra, il est congolais et a environ 300 tenues, c&rsquo;est un vrai dandy. Ndalla Fernand est un penseur il \u00e9crit pour la d\u00e9mocratie et est interdit de venir au Congo dans son propre pays. Il se rend de fa\u00e7on r\u00e9guli\u00e8re dans un caf\u00e9 pr\u00e8s de la Gare de l&rsquo;Est o\u00f9 on le nomme \u00ab\u00a0le s\u00e9nateur\u00a0\u00bb, il retrouve des amis congolais qui partagent les m\u00eames id\u00e9es.<\/p>\n<p>[\/vc_column_text][\/vc_column][vc_column width=\u00a0\u00bb1\/2&Prime; css=\u00a0\u00bb.vc_custom_1506256938241{padding-top: px !important;padding-right: 20px !important;padding-left: 20px !important;}\u00a0\u00bb][vc_column_text]J\u2019ai fait son portrait de nombreuses fois soit dans les escaliers de l\u2019immeuble l\u00e0 o\u00f9 il travaille dans le bar, pr\u00e8s de la Gare de l\u2019Est et enfin dans le train. Je l\u2019ai suivi dans sa vie quotidienne et j\u2019ai essay\u00e9 de comprendre ce qui l\u2019anime\u00a0: les v\u00eatements et accessoires de dandy ne sont pas l\u00e0 pour qu\u2019il fasse le beau \u00ab le sappeur\u00a0\u00bb, mais pour refl\u00e8ter sa fa\u00e7on de penser. Lorsque nous \u00e9tions sur son lieu de travail, j\u2019ai vu a quel point il \u00e9tait appr\u00e9ci\u00e9 par tous les gens qu\u2019il c\u00f4toie car toujours pr\u00eat \u00e0 aider quelqu\u2019un dans la difficult\u00e9 ou \u00e0 donner des sortes de cadeaux. Ndalla Fernand aune belle \u00e2me et j&rsquo;ai voulu la saisir \u00e0 travers ces portraits.<\/p>\n<p>[\/vc_column_text][vc_empty_space height=\u00a0\u00bb10px\u00a0\u00bb]<div class=\"edgtf-social-share-holder edgtf-list\">\n\t\t\t<p class=\"edgtf-social-title\">Partagez<\/p>\n\t\t<ul>\n\t\t<li class=\"edgtf-facebook-share\">\n\t<a itemprop=\"url\" class=\"edgtf-share-link\" href=\"#\" onclick=\"window.open('http:\/\/www.facebook.com\/sharer.php?s=100&amp;p[title]=Ndalla+Fernand&amp;p[url]=https%3A%2F%2Fclemencedevienne.com%2Findex.php%2Ffr%2Fndalla-f%2F&amp;p[images][0]=&amp;p[summary]=%5Bvc_row+content_text_aligment%3D%C2%A0%C2%BB%C2%A0%C2%BB+use_row_as_full_screen_section%3D%C2%A0%C2%BBno%C2%A0%C2%BB%5D%5Bvc_column+width%3D%C2%A0%C2%BB1%2F2%26Prime%3B+css%3D%C2%A0%C2%BB.vc_custom_1506256930796%7Bpadding-right%3A+20px+%21important%3Bpadding-left%3A+20px+%21important%3B%7D%C2%A0%C2%BB%5D%5Bvc_column_text%5DJ%E2%80%99ai+rencontr%C3%A9+Ndalla+Fernand+dans+le+m%C3%A9tro%2C+il+%C3%A9tait+habill%C3%A9+tout+en+blanc+de+la+t%C3%AAte+aux+pieds%2C+cela+m%26rsquo%3Ba+fait+tout+de+suite+penser+%C3%A0+l%26rsquo%3Besprit+de+la+Nouvelle-Orl%C3%A9ans+et+je+lui+ai+demand%C3%A9+si+je+%5B%26hellip%3B%5D', 'sharer', 'toolbar=0,status=0,width=620,height=280');\">\n\t\t\t\t\t<span class=\"edgtf-social-network-icon fa fa-facebook\"><\/span>\n\t\t\t<\/a>\n<\/li><li class=\"edgtf-twitter-share\">\n\t<a itemprop=\"url\" class=\"edgtf-share-link\" href=\"#\" onclick=\"window.open('http:\/\/twitter.com\/home?status=%5Bvc_row+content_text_aligment%3D%C2%A0%C2%BB%C2%A0%C2%BB+use_row_as_full_screen_section%3D%C2%A0%C2%BBno%C2%A0%C2%BB%5D%5Bvc_column+width%3D%C2%A0%C2%BB1%2F2%26Prime%3B+https:\/\/clemencedevienne.com\/index.php\/fr\/ndalla-f\/', 'popupwindow', 'scrollbars=yes,width=800,height=400');\">\n\t\t\t\t\t<span class=\"edgtf-social-network-icon fa fa-twitter\"><\/span>\n\t\t\t<\/a>\n<\/li><li class=\"edgtf-google_plus-share\">\n\t<a itemprop=\"url\" class=\"edgtf-share-link\" href=\"#\" onclick=\"popUp=window.open('https:\/\/plus.google.com\/share?url=https%3A%2F%2Fclemencedevienne.com%2Findex.php%2Ffr%2Fndalla-f%2F', 'popupwindow', 'scrollbars=yes,width=800,height=400');popUp.focus();return false;\">\n\t\t\t\t\t<span class=\"edgtf-social-network-icon fa fa-google-plus\"><\/span>\n\t\t\t<\/a>\n<\/li><li class=\"edgtf-linkedin-share\">\n\t<a itemprop=\"url\" class=\"edgtf-share-link\" href=\"#\" onclick=\"popUp=window.open('http:\/\/linkedin.com\/shareArticle?mini=true&amp;url=https%3A%2F%2Fclemencedevienne.com%2Findex.php%2Ffr%2Fndalla-f%2F&amp;title=Ndalla+Fernand', 'popupwindow', 'scrollbars=yes,width=800,height=400');popUp.focus();return false;\">\n\t\t\t\t\t<span class=\"edgtf-social-network-icon fa fa-linkedin\"><\/span>\n\t\t\t<\/a>\n<\/li><li class=\"edgtf-pinterest-share\">\n\t<a itemprop=\"url\" class=\"edgtf-share-link\" href=\"#\" onclick=\"popUp=window.open('http:\/\/pinterest.com\/pin\/create\/button\/?url=https%3A%2F%2Fclemencedevienne.com%2Findex.php%2Ffr%2Fndalla-f%2F&amp;description=Ndalla Fernand&amp;media=', 'popupwindow', 'scrollbars=yes,width=800,height=400');popUp.focus();return false;\">\n\t\t\t\t\t<span class=\"edgtf-social-network-icon fa fa-pinterest\"><\/span>\n\t\t\t<\/a>\n<\/li>\t<\/ul>\n<\/div>[\/vc_column][\/vc_row][vc_row content_text_aligment=\u00a0\u00bb\u00a0\u00bb use_row_as_full_screen_section=\u00a0\u00bbno\u00a0\u00bb][vc_column][vc_empty_space height=\u00a0\u00bb22px\u00a0\u00bb][\/vc_column][\/vc_row][vc_row content_text_aligment=\u00a0\u00bb\u00a0\u00bb use_row_as_full_screen_section=\u00a0\u00bbno\u00a0\u00bb][vc_column][vc_single_image image=\u00a0\u00bb7232&Prime; img_size=\u00a0\u00bbfull\u00a0\u00bb][\/vc_column][\/vc_row][vc_row content_text_aligment=\u00a0\u00bb\u00a0\u00bb use_row_as_full_screen_section=\u00a0\u00bbno\u00a0\u00bb][vc_column][vc_empty_space][\/vc_column][\/vc_row][vc_row content_text_aligment=\u00a0\u00bb\u00a0\u00bb use_row_as_full_screen_section=\u00a0\u00bbno\u00a0\u00bb][vc_column][vc_empty_space height=\u00a0\u00bb182px\u00a0\u00bb][\/vc_column][\/vc_row]<\/p>\n","protected":false},"excerpt":{"rendered":"<p>[vc_row content_text_aligment=\u00a0\u00bb\u00a0\u00bb use_row_as_full_screen_section=\u00a0\u00bbno\u00a0\u00bb][vc_column width=\u00a0\u00bb1\/2&Prime; css=\u00a0\u00bb.vc_custom_1506256930796{padding-right: 20px !important;padding-left: 20px !important;}\u00a0\u00bb][vc_column_text]J\u2019ai rencontr\u00e9 Ndalla Fernand dans le m\u00e9tro, il \u00e9tait habill\u00e9 tout en blanc de la t\u00eate aux pieds, cela m&rsquo;a fait tout de suite penser \u00e0 l&rsquo;esprit de la Nouvelle-Orl\u00e9ans et je lui ai demand\u00e9 si je [&hellip;]<\/p>\n","protected":false},"author":1,"featured_media":0,"parent":0,"menu_order":0,"comment_status":"closed","ping_status":"closed","template":"","meta":{"footnotes":""},"class_list":["post-7230","page","type-page","status-publish","hentry"],"_links":{"self":[{"href":"https:\/\/clemencedevienne.com\/index.php\/wp-json\/wp\/v2\/pages\/7230","targetHints":{"allow":["GET"]}}],"collection":[{"href":"https:\/\/clemencedevienne.com\/index.php\/wp-json\/wp\/v2\/pages"}],"about":[{"href":"https:\/\/clemencedevienne.com\/index.php\/wp-json\/wp\/v2\/types\/page"}],"author":[{"embeddable":true,"href":"https:\/\/clemencedevienne.com\/index.php\/wp-json\/wp\/v2\/users\/1"}],"replies":[{"embeddable":true,"href":"https:\/\/clemencedevienne.com\/index.php\/wp-json\/wp\/v2\/comments?post=7230"}],"version-history":[{"count":3,"href":"https:\/\/clemencedevienne.com\/index.php\/wp-json\/wp\/v2\/pages\/7230\/revisions"}],"predecessor-version":[{"id":7235,"href":"https:\/\/clemencedevienne.com\/index.php\/wp-json\/wp\/v2\/pages\/7230\/revisions\/7235"}],"wp:attachment":[{"href":"https:\/\/clemencedevienne.com\/index.php\/wp-json\/wp\/v2\/media?parent=7230"}],"curies":[{"name":"wp","href":"https:\/\/api.w.org\/{rel}","templated":true}]}}