{"id":710,"date":"2016-06-20T09:59:36","date_gmt":"2016-06-20T09:59:36","guid":{"rendered":"http:\/\/assemble.edge-themes.com\/?page_id=710"},"modified":"2025-09-09T17:26:37","modified_gmt":"2025-09-09T15:26:37","slug":"a-propos","status":"publish","type":"page","link":"https:\/\/clemencedevienne.com\/index.php\/fr\/a-propos\/","title":{"rendered":"D\u00e9marche artistique"},"content":{"rendered":"<p>[vc_row content_text_aligment=\u00a0\u00bb\u00a0\u00bb use_row_as_full_screen_section=\u00a0\u00bbno\u00a0\u00bb][vc_column][vc_empty_space height=\u00a0\u00bb129px\u00a0\u00bb][\/vc_column][\/vc_row][vc_row content_text_aligment=\u00a0\u00bb\u00a0\u00bb use_row_as_full_screen_section=\u00a0\u00bbno\u00a0\u00bb][vc_column width=\u00a0\u00bb1\/4&Prime;][\/vc_column][vc_column width=\u00a0\u00bb1\/4&Prime;][vc_column_text]<\/p>\n<p class=\"p1\">Cl\u00e9mence Devienne interroge ce que peut encore la peinture aujourd\u2019hui : non pas fixer une apparence, mais rendre visible un \u00e9tat \u00e9motionnel intense, des pens\u00e9es dispers\u00e9es, une lutte. Elle explore \u00e0 travers sa peinture les intensit\u00e9s \u00e9motionnelles extr\u00eames qui forment souvent les identit\u00e9s plurielles. Sa peinture est hant\u00e9e par le th\u00e8me de la folie et sa repr\u00e9sentation. Sur ces toiles son geste artistique : vif, impulsif, vibrant, le trait y est souvent brut.\u00a0Elle a un rapport direct \u00e0 la mati\u00e8re. Sans dessin pr\u00e9paratoire, le trait est retravaill\u00e9 directement dans la couleur.<\/p>\n<p>[\/vc_column_text][\/vc_column][vc_column width=\u00a0\u00bb1\/4&Prime;][vc_column_text]<\/p>\n<p class=\"p1\">Les visages qu\u2019elle peint portent en eux cette tension entre force et fragilit\u00e9, entre coh\u00e9rence apparente et f\u00ealures int\u00e9rieures. Sa peinture oscille ainsi entre figuration et expressionnisme, cherchant moins \u00e0 repr\u00e9senter fid\u00e8lement qu\u2019\u00e0 transmettre l\u2019instabilit\u00e9 \u00e9motionnelle qui nous traverse. Couleurs satur\u00e9es, aplats violents, regards intenses : tout dans sa composition \u00e9voque une sensibilit\u00e9 en exc\u00e8s.<\/p>\n<p>[\/vc_column_text][\/vc_column][vc_column width=\u00a0\u00bb1\/4&Prime;][\/vc_column][\/vc_row][vc_row content_text_aligment=\u00a0\u00bb\u00a0\u00bb use_row_as_full_screen_section=\u00a0\u00bbno\u00a0\u00bb css=\u00a0\u00bb.vc_custom_1487592426209{padding-right: 20px !important;}\u00a0\u00bb][vc_column][\/vc_column][\/vc_row][vc_row content_text_aligment=\u00a0\u00bb\u00a0\u00bb use_row_as_full_screen_section=\u00a0\u00bbno\u00a0\u00bb][vc_column][vc_empty_space height=\u00a0\u00bb142px\u00a0\u00bb][\/vc_column][\/vc_row]<\/p>\n","protected":false},"excerpt":{"rendered":"<p>[vc_row content_text_aligment=\u00a0\u00bb\u00a0\u00bb use_row_as_full_screen_section=\u00a0\u00bbno\u00a0\u00bb][vc_column][vc_empty_space height=\u00a0\u00bb129px\u00a0\u00bb][\/vc_column][\/vc_row][vc_row content_text_aligment=\u00a0\u00bb\u00a0\u00bb use_row_as_full_screen_section=\u00a0\u00bbno\u00a0\u00bb][vc_column width=\u00a0\u00bb1\/4&Prime;][\/vc_column][vc_column width=\u00a0\u00bb1\/4&Prime;][vc_column_text] Cl\u00e9mence Devienne interroge ce que peut encore la peinture aujourd\u2019hui : non pas fixer une apparence, mais rendre visible un \u00e9tat \u00e9motionnel intense, des pens\u00e9es dispers\u00e9es, une lutte. Elle explore \u00e0 travers sa peinture les intensit\u00e9s \u00e9motionnelles [&hellip;]<\/p>\n","protected":false},"author":1,"featured_media":0,"parent":0,"menu_order":0,"comment_status":"closed","ping_status":"closed","template":"full-width.php","meta":{"footnotes":""},"class_list":["post-710","page","type-page","status-publish","hentry"],"_links":{"self":[{"href":"https:\/\/clemencedevienne.com\/index.php\/wp-json\/wp\/v2\/pages\/710","targetHints":{"allow":["GET"]}}],"collection":[{"href":"https:\/\/clemencedevienne.com\/index.php\/wp-json\/wp\/v2\/pages"}],"about":[{"href":"https:\/\/clemencedevienne.com\/index.php\/wp-json\/wp\/v2\/types\/page"}],"author":[{"embeddable":true,"href":"https:\/\/clemencedevienne.com\/index.php\/wp-json\/wp\/v2\/users\/1"}],"replies":[{"embeddable":true,"href":"https:\/\/clemencedevienne.com\/index.php\/wp-json\/wp\/v2\/comments?post=710"}],"version-history":[{"count":171,"href":"https:\/\/clemencedevienne.com\/index.php\/wp-json\/wp\/v2\/pages\/710\/revisions"}],"predecessor-version":[{"id":8314,"href":"https:\/\/clemencedevienne.com\/index.php\/wp-json\/wp\/v2\/pages\/710\/revisions\/8314"}],"wp:attachment":[{"href":"https:\/\/clemencedevienne.com\/index.php\/wp-json\/wp\/v2\/media?parent=710"}],"curies":[{"name":"wp","href":"https:\/\/api.w.org\/{rel}","templated":true}]}}