{"id":6591,"date":"2017-07-15T16:35:28","date_gmt":"2017-07-15T14:35:28","guid":{"rendered":"http:\/\/clemencedevienne.com\/index.php\/migrants-copy\/"},"modified":"2017-09-24T16:11:56","modified_gmt":"2017-09-24T14:11:56","slug":"serie-tahiti","status":"publish","type":"page","link":"https:\/\/clemencedevienne.com\/index.php\/fr\/serie-tahiti\/","title":{"rendered":"S\u00e9rie Tahiti"},"content":{"rendered":"<p>[vc_row content_text_aligment=\u00a0\u00bb\u00a0\u00bb use_row_as_full_screen_section=\u00a0\u00bbno\u00a0\u00bb][vc_column width=\u00a0\u00bb1\/2&Prime; css=\u00a0\u00bb.vc_custom_1481023404315{padding-right: 20px !important;padding-left: 20px !important;}\u00a0\u00bb][vc_column_text css=\u00a0\u00bb.vc_custom_1505769166465{padding-right: px !important;}\u00a0\u00bb]<\/p>\n<blockquote>\n<p class=\"p1\"><span style=\"color: #000000;\"><em>\u00ab\u00a0Mon grand p\u00e8re \u00e9tait officier de marine et peintre. A sa mort, nous avons d\u00e9couvert une s\u00e9rie de diapositives qu&rsquo;il avait prises lors d&rsquo;un s\u00e9jour d\u2019un an \u00e0 Tahiti en 1959.<\/em><\/span><\/p>\n<p class=\"p1\"><span style=\"color: #000000;\"><em>J&rsquo;ai r\u00e9interpr\u00e9t\u00e9 ces diapositives \u00e0 travers cette s\u00e9rie de tableaux.\u00a0\u00bb<\/em><\/span><\/p>\n<\/blockquote>\n<p>[\/vc_column_text][vc_empty_space][\/vc_column][vc_column width=\u00a0\u00bb1\/2&Prime; css=\u00a0\u00bb.vc_custom_1481023889024{padding-top: 16px !important;padding-right: 20px !important;padding-left: 20px !important;}\u00a0\u00bb]<div class=\"edgtf-social-share-holder edgtf-list\">\n\t\t\t<p class=\"edgtf-social-title\">Partagez<\/p>\n\t\t<ul>\n\t\t<li class=\"edgtf-facebook-share\">\n\t<a itemprop=\"url\" class=\"edgtf-share-link\" href=\"#\" onclick=\"window.open('http:\/\/www.facebook.com\/sharer.php?s=100&amp;p[title]=S%C3%A9rie+Tahiti&amp;p[url]=https%3A%2F%2Fclemencedevienne.com%2Findex.php%2Ffr%2Fserie-tahiti%2F&amp;p[images][0]=&amp;p[summary]=%5Bvc_row+content_text_aligment%3D%C2%A0%C2%BB%C2%A0%C2%BB+use_row_as_full_screen_section%3D%C2%A0%C2%BBno%C2%A0%C2%BB%5D%5Bvc_column+width%3D%C2%A0%C2%BB1%2F2%26Prime%3B+css%3D%C2%A0%C2%BB.vc_custom_1481023404315%7Bpadding-right%3A+20px+%21important%3Bpadding-left%3A+20px+%21important%3B%7D%C2%A0%C2%BB%5D%5Bvc_column_text+css%3D%C2%A0%C2%BB.vc_custom_1505769166465%7Bpadding-right%3A+px+%21important%3B%7D%C2%A0%C2%BB%5D+%C2%AB%C2%A0Mon+grand+p%C3%A8re+%C3%A9tait+officier+de+marine+et+peintre.+A+sa+mort%2C+nous+avons+d%C3%A9couvert+une+s%C3%A9rie+de+diapositives+qu%26rsquo%3Bil+avait+prises+lors+d%26rsquo%3Bun+s%C3%A9jour+d%E2%80%99un+an+%C3%A0+Tahiti+en+1959.+J%26rsquo%3Bai+r%C3%A9interpr%C3%A9t%C3%A9+%5B%26hellip%3B%5D', 'sharer', 'toolbar=0,status=0,width=620,height=280');\">\n\t\t\t\t\t<span class=\"edgtf-social-network-icon fa fa-facebook\"><\/span>\n\t\t\t<\/a>\n<\/li><li class=\"edgtf-twitter-share\">\n\t<a itemprop=\"url\" class=\"edgtf-share-link\" href=\"#\" onclick=\"window.open('http:\/\/twitter.com\/home?status=%5Bvc_row+content_text_aligment%3D%C2%A0%C2%BB%C2%A0%C2%BB+use_row_as_full_screen_section%3D%C2%A0%C2%BBno%C2%A0%C2%BB%5D%5Bvc_column+width%3D%C2%A0%C2%BB1%2F2%26Prime%3B+https:\/\/clemencedevienne.com\/index.php\/fr\/serie-tahiti\/', 'popupwindow', 'scrollbars=yes,width=800,height=400');\">\n\t\t\t\t\t<span class=\"edgtf-social-network-icon fa fa-twitter\"><\/span>\n\t\t\t<\/a>\n<\/li><li class=\"edgtf-google_plus-share\">\n\t<a itemprop=\"url\" class=\"edgtf-share-link\" href=\"#\" onclick=\"popUp=window.open('https:\/\/plus.google.com\/share?url=https%3A%2F%2Fclemencedevienne.com%2Findex.php%2Ffr%2Fserie-tahiti%2F', 'popupwindow', 'scrollbars=yes,width=800,height=400');popUp.focus();return false;\">\n\t\t\t\t\t<span class=\"edgtf-social-network-icon fa fa-google-plus\"><\/span>\n\t\t\t<\/a>\n<\/li><li class=\"edgtf-linkedin-share\">\n\t<a itemprop=\"url\" class=\"edgtf-share-link\" href=\"#\" onclick=\"popUp=window.open('http:\/\/linkedin.com\/shareArticle?mini=true&amp;url=https%3A%2F%2Fclemencedevienne.com%2Findex.php%2Ffr%2Fserie-tahiti%2F&amp;title=S%C3%A9rie+Tahiti', 'popupwindow', 'scrollbars=yes,width=800,height=400');popUp.focus();return false;\">\n\t\t\t\t\t<span class=\"edgtf-social-network-icon fa fa-linkedin\"><\/span>\n\t\t\t<\/a>\n<\/li><li class=\"edgtf-pinterest-share\">\n\t<a itemprop=\"url\" class=\"edgtf-share-link\" href=\"#\" onclick=\"popUp=window.open('http:\/\/pinterest.com\/pin\/create\/button\/?url=https%3A%2F%2Fclemencedevienne.com%2Findex.php%2Ffr%2Fserie-tahiti%2F&amp;description=S\u00e9rie Tahiti&amp;media=', 'popupwindow', 'scrollbars=yes,width=800,height=400');popUp.focus();return false;\">\n\t\t\t\t\t<span class=\"edgtf-social-network-icon fa fa-pinterest\"><\/span>\n\t\t\t<\/a>\n<\/li>\t<\/ul>\n<\/div>[vc_empty_space height=\u00a0\u00bb47px\u00a0\u00bb][\/vc_column][\/vc_row][vc_row content_text_aligment=\u00a0\u00bb\u00a0\u00bb use_row_as_full_screen_section=\u00a0\u00bbno\u00a0\u00bb][vc_column][\/vc_column][\/vc_row][vc_row content_text_aligment=\u00a0\u00bb\u00a0\u00bb use_row_as_full_screen_section=\u00a0\u00bbno\u00a0\u00bb][vc_column][vc_single_image image=\u00a0\u00bb5603&Prime; img_size=\u00a0\u00bbfull\u00a0\u00bb onclick=\u00a0\u00bbzoom\u00a0\u00bb][vc_column_text]S\u00e9rie Tahiti. Diff\u00e9rents formats. Peinture \u00e0 l&rsquo;huile. 2012-2016.[\/vc_column_text][vc_empty_space][\/vc_column][\/vc_row][vc_row content_text_aligment=\u00a0\u00bb\u00a0\u00bb use_row_as_full_screen_section=\u00a0\u00bbno\u00a0\u00bb][vc_column][vc_single_image image=\u00a0\u00bb5391&Prime; img_size=\u00a0\u00bbfull\u00a0\u00bb alignment=\u00a0\u00bbcenter\u00a0\u00bb onclick=\u00a0\u00bbzoom\u00a0\u00bb][vc_column_text]<\/p>\n<p style=\"text-align: center;\">Portrait de Jacques Devienne \u00e0 Racine, 2012-2013<br \/>\nHuile sur toile.<\/p>\n<p>[\/vc_column_text][vc_empty_space height=\u00a0\u00bb132px\u00a0\u00bb][\/vc_column][\/vc_row]<\/p>\n","protected":false},"excerpt":{"rendered":"<p>[vc_row content_text_aligment=\u00a0\u00bb\u00a0\u00bb use_row_as_full_screen_section=\u00a0\u00bbno\u00a0\u00bb][vc_column width=\u00a0\u00bb1\/2&Prime; css=\u00a0\u00bb.vc_custom_1481023404315{padding-right: 20px !important;padding-left: 20px !important;}\u00a0\u00bb][vc_column_text css=\u00a0\u00bb.vc_custom_1505769166465{padding-right: px !important;}\u00a0\u00bb] \u00ab\u00a0Mon grand p\u00e8re \u00e9tait officier de marine et peintre. A sa mort, nous avons d\u00e9couvert une s\u00e9rie de diapositives qu&rsquo;il avait prises lors d&rsquo;un s\u00e9jour d\u2019un an \u00e0 Tahiti en 1959. J&rsquo;ai r\u00e9interpr\u00e9t\u00e9 [&hellip;]<\/p>\n","protected":false},"author":1,"featured_media":0,"parent":0,"menu_order":0,"comment_status":"closed","ping_status":"closed","template":"","meta":{"footnotes":""},"class_list":["post-6591","page","type-page","status-publish","hentry"],"_links":{"self":[{"href":"https:\/\/clemencedevienne.com\/index.php\/wp-json\/wp\/v2\/pages\/6591","targetHints":{"allow":["GET"]}}],"collection":[{"href":"https:\/\/clemencedevienne.com\/index.php\/wp-json\/wp\/v2\/pages"}],"about":[{"href":"https:\/\/clemencedevienne.com\/index.php\/wp-json\/wp\/v2\/types\/page"}],"author":[{"embeddable":true,"href":"https:\/\/clemencedevienne.com\/index.php\/wp-json\/wp\/v2\/users\/1"}],"replies":[{"embeddable":true,"href":"https:\/\/clemencedevienne.com\/index.php\/wp-json\/wp\/v2\/comments?post=6591"}],"version-history":[{"count":12,"href":"https:\/\/clemencedevienne.com\/index.php\/wp-json\/wp\/v2\/pages\/6591\/revisions"}],"predecessor-version":[{"id":6823,"href":"https:\/\/clemencedevienne.com\/index.php\/wp-json\/wp\/v2\/pages\/6591\/revisions\/6823"}],"wp:attachment":[{"href":"https:\/\/clemencedevienne.com\/index.php\/wp-json\/wp\/v2\/media?parent=6591"}],"curies":[{"name":"wp","href":"https:\/\/api.w.org\/{rel}","templated":true}]}}